{"id":26427,"date":"2022-01-12T21:36:20","date_gmt":"2022-01-12T21:36:20","guid":{"rendered":"https:\/\/www.moulindechaves.org\/covid-guidelines-at-the-moulin\/"},"modified":"2025-06-23T12:10:14","modified_gmt":"2025-06-23T12:10:14","slug":"sante-hygiene-et-bien-etre-au-moulin","status":"publish","type":"page","link":"https:\/\/www.moulindechaves.org\/fr\/sante-hygiene-et-bien-etre-au-moulin\/","title":{"rendered":"SANT\u00c9, HYGI\u00c8NE ET BIEN-\u00caTRE AU MOULIN"},"content":{"rendered":"<p>[et_pb_section fb_built=\u00a0\u00bb1&Prime; fullwidth=\u00a0\u00bbon\u00a0\u00bb _builder_version=\u00a0\u00bb4.16&Prime; animation_direction=\u00a0\u00bbtop\u00a0\u00bb global_colors_info=\u00a0\u00bb{}\u00a0\u00bb][et_pb_fullwidth_header text_orientation=\u00a0\u00bbcenter\u00a0\u00bb background_overlay_color=\u00a0\u00bbrgba(255,255,255,0.05)\u00a0\u00bb content_max_width=\u00a0\u00bb700px\u00a0\u00bb _builder_version=\u00a0\u00bb4.27.4&Prime; title_font=\u00a0\u00bbMulish||||||||\u00a0\u00bb title_text_align=\u00a0\u00bbcenter\u00a0\u00bb title_font_size=\u00a0\u00bb36px\u00a0\u00bb title_letter_spacing=\u00a0\u00bb2px\u00a0\u00bb title_line_height=\u00a0\u00bb1.2em\u00a0\u00bb content_font=\u00a0\u00bbMulish||||||||\u00a0\u00bb content_font_size=\u00a0\u00bb36px\u00a0\u00bb content_letter_spacing=\u00a0\u00bb3px\u00a0\u00bb content_line_height=\u00a0\u00bb1.8em\u00a0\u00bb background_enable_color=\u00a0\u00bboff\u00a0\u00bb use_background_color_gradient=\u00a0\u00bbon\u00a0\u00bb background_color_gradient_stops=\u00a0\u00bbrgba(0,20,0,0.38) 0%|rgba(255,255,255,0) 100%\u00a0\u00bb background_color_gradient_overlays_image=\u00a0\u00bbon\u00a0\u00bb background_color_gradient_start=\u00a0\u00bbrgba(0,20,0,0.38)\u00a0\u00bb background_color_gradient_end=\u00a0\u00bbrgba(255,255,255,0)\u00a0\u00bb background_image=\u00a0\u00bbhttps:\/\/www.moulindechaves.org\/wp-content\/uploads\/2022\/02\/covid-banner-1.jpg\u00a0\u00bb custom_button_one=\u00a0\u00bbon\u00a0\u00bb button_one_text_size=\u00a0\u00bb18px\u00a0\u00bb button_one_bg_color=\u00a0\u00bb#02d002&Prime; button_one_border_width=\u00a0\u00bb8px\u00a0\u00bb button_one_border_color=\u00a0\u00bb#02d002&Prime; button_one_border_radius=\u00a0\u00bb0px\u00a0\u00bb button_one_letter_spacing=\u00a0\u00bb1px\u00a0\u00bb button_one_font=\u00a0\u00bbLato|700|||||||\u00a0\u00bb button_one_use_icon=\u00a0\u00bboff\u00a0\u00bb custom_button_two=\u00a0\u00bbon\u00a0\u00bb button_two_text_size=\u00a0\u00bb18px\u00a0\u00bb button_two_text_color=\u00a0\u00bb#353740&Prime; button_two_bg_color=\u00a0\u00bb#ffffff\u00a0\u00bb button_two_border_width=\u00a0\u00bb8px\u00a0\u00bb button_two_border_color=\u00a0\u00bb#ffffff\u00a0\u00bb button_two_border_radius=\u00a0\u00bb0px\u00a0\u00bb button_two_letter_spacing=\u00a0\u00bb1px\u00a0\u00bb button_two_font=\u00a0\u00bbLato|700|||||||\u00a0\u00bb button_two_use_icon=\u00a0\u00bboff\u00a0\u00bb custom_padding=\u00a0\u00bb10%||10%|\u00a0\u00bb content_font_size_tablet=\u00a0\u00bb36px\u00a0\u00bb content_font_size_phone=\u00a0\u00bb26px\u00a0\u00bb content_font_size_last_edited=\u00a0\u00bbon|phone\u00a0\u00bb content_letter_spacing_tablet=\u00a0\u00bb3px\u00a0\u00bb content_letter_spacing_phone=\u00a0\u00bb2px\u00a0\u00bb content_letter_spacing_last_edited=\u00a0\u00bbon|phone\u00a0\u00bb title_text_shadow_style=\u00a0\u00bbpreset3&Prime; title_text_shadow_color=\u00a0\u00bbrgba(0,0,0,0.95)\u00a0\u00bb button_one_letter_spacing_hover=\u00a0\u00bb1px\u00a0\u00bb button_two_letter_spacing_hover=\u00a0\u00bb1px\u00a0\u00bb global_colors_info=\u00a0\u00bb{}\u00a0\u00bb button_one_text_size__hover_enabled=\u00a0\u00bboff\u00a0\u00bb button_one_text_size__hover=\u00a0\u00bbnull\u00a0\u00bb button_two_text_size__hover_enabled=\u00a0\u00bboff\u00a0\u00bb button_two_text_size__hover=\u00a0\u00bbnull\u00a0\u00bb button_one_text_color__hover_enabled=\u00a0\u00bboff\u00a0\u00bb button_one_text_color__hover=\u00a0\u00bbnull\u00a0\u00bb button_two_text_color__hover_enabled=\u00a0\u00bboff\u00a0\u00bb button_two_text_color__hover=\u00a0\u00bbnull\u00a0\u00bb button_one_border_width__hover_enabled=\u00a0\u00bboff\u00a0\u00bb button_one_border_width__hover=\u00a0\u00bbnull\u00a0\u00bb button_two_border_width__hover_enabled=\u00a0\u00bboff\u00a0\u00bb button_two_border_width__hover=\u00a0\u00bbnull\u00a0\u00bb button_one_border_color__hover_enabled=\u00a0\u00bboff\u00a0\u00bb button_one_border_color__hover=\u00a0\u00bbnull\u00a0\u00bb button_two_border_color__hover_enabled=\u00a0\u00bboff\u00a0\u00bb button_two_border_color__hover=\u00a0\u00bbnull\u00a0\u00bb button_one_border_radius__hover_enabled=\u00a0\u00bboff\u00a0\u00bb button_one_border_radius__hover=\u00a0\u00bbnull\u00a0\u00bb button_two_border_radius__hover_enabled=\u00a0\u00bboff\u00a0\u00bb button_two_border_radius__hover=\u00a0\u00bbnull\u00a0\u00bb button_one_letter_spacing__hover_enabled=\u00a0\u00bbon\u00a0\u00bb button_one_letter_spacing__hover=\u00a0\u00bb1px\u00a0\u00bb button_two_letter_spacing__hover_enabled=\u00a0\u00bbon\u00a0\u00bb button_two_letter_spacing__hover=\u00a0\u00bb1px\u00a0\u00bb button_one_bg_color__hover_enabled=\u00a0\u00bboff\u00a0\u00bb button_one_bg_color__hover=\u00a0\u00bbnull\u00a0\u00bb button_two_bg_color__hover_enabled=\u00a0\u00bboff\u00a0\u00bb button_two_bg_color__hover=\u00a0\u00bbnull\u00a0\u00bb]<\/p>\n<p style=\"text-align: center;\">SANT\u00c9, HYGI\u00c8NE ET BIEN-\u00caTRE AU MOULIN DE CHAVES<\/p>\n<p>[\/et_pb_fullwidth_header][\/et_pb_section][et_pb_section fb_built=\u00a0\u00bb1&Prime; custom_padding_last_edited=\u00a0\u00bbon|phone\u00a0\u00bb _builder_version=\u00a0\u00bb4.16&Prime; _module_preset=\u00a0\u00bbdefault\u00a0\u00bb custom_padding_tablet=\u00a0\u00bb\u00a0\u00bb custom_padding_phone=\u00a0\u00bb20px||15px||false|false\u00a0\u00bb global_colors_info=\u00a0\u00bb{}\u00a0\u00bb][et_pb_row _builder_version=\u00a0\u00bb4.16&Prime; _module_preset=\u00a0\u00bbdefault\u00a0\u00bb global_colors_info=\u00a0\u00bb{}\u00a0\u00bb][et_pb_column type=\u00a0\u00bb4_4&Prime; _builder_version=\u00a0\u00bb4.16&Prime; _module_preset=\u00a0\u00bbdefault\u00a0\u00bb global_colors_info=\u00a0\u00bb{}\u00a0\u00bb][et_pb_text _builder_version=\u00a0\u00bb4.27.4&Prime; _module_preset=\u00a0\u00bbdefault\u00a0\u00bb text_font=\u00a0\u00bbMulish||||||||\u00a0\u00bb text_text_color=\u00a0\u00bb#000000&Prime; text_font_size=\u00a0\u00bb18px\u00a0\u00bb text_letter_spacing=\u00a0\u00bb2px\u00a0\u00bb text_line_height=\u00a0\u00bb2.2em\u00a0\u00bb text_orientation=\u00a0\u00bbcenter\u00a0\u00bb global_colors_info=\u00a0\u00bb{}\u00a0\u00bb]<\/p>\n<p>Nous souhaitons que chacun\u00b7e se sente en s\u00e9curit\u00e9, soutenu\u00b7e et bien accueilli\u00b7e au Moulin.<br \/>Voici quelques consignes simples pour prendre soin de vous et du groupe pendant votre s\u00e9jour.<\/p>\n<p>[\/et_pb_text][\/et_pb_column][\/et_pb_row][\/et_pb_section][et_pb_section fb_built=\u00a0\u00bb1&Prime; custom_padding_last_edited=\u00a0\u00bbon|phone\u00a0\u00bb admin_label=\u00a0\u00bbOur Story Section\u00a0\u00bb _builder_version=\u00a0\u00bb4.27.4&Prime; background_color=\u00a0\u00bb#eaeaea\u00a0\u00bb vertical_offset_tablet=\u00a0\u00bb0&Prime; horizontal_offset_tablet=\u00a0\u00bb0&Prime; custom_padding=\u00a0\u00bb25px||25px||true|false\u00a0\u00bb custom_padding_tablet=\u00a0\u00bb25px||25px||true|false\u00a0\u00bb custom_padding_phone=\u00a0\u00bb0px||0px||true|false\u00a0\u00bb hover_enabled=\u00a0\u00bb0&Prime; box_shadow_horizontal_tablet=\u00a0\u00bb0px\u00a0\u00bb box_shadow_vertical_tablet=\u00a0\u00bb0px\u00a0\u00bb box_shadow_blur_tablet=\u00a0\u00bb40px\u00a0\u00bb box_shadow_spread_tablet=\u00a0\u00bb0px\u00a0\u00bb global_colors_info=\u00a0\u00bb{}\u00a0\u00bb sticky_enabled=\u00a0\u00bb0&Prime;][et_pb_row column_structure=\u00a0\u00bb3_5,2_5&Prime; _builder_version=\u00a0\u00bb4.27.4&Prime; _module_preset=\u00a0\u00bbdefault\u00a0\u00bb width=\u00a0\u00bb100%\u00a0\u00bb hover_enabled=\u00a0\u00bb0&Prime; global_colors_info=\u00a0\u00bb{}\u00a0\u00bb custom_css_main_element_last_edited=\u00a0\u00bbon|phone\u00a0\u00bb sticky_enabled=\u00a0\u00bb0&Prime; custom_css_main_element_phone=\u00a0\u00bbdisplay: flex;||flex-wrap: wrap;\u00a0\u00bb custom_padding_last_edited=\u00a0\u00bbon|phone\u00a0\u00bb custom_padding_phone=\u00a0\u00bb0px||0px||true|false\u00a0\u00bb][et_pb_column type=\u00a0\u00bb3_5&Prime; _builder_version=\u00a0\u00bb4.27.4&Prime; _module_preset=\u00a0\u00bbdefault\u00a0\u00bb global_colors_info=\u00a0\u00bb{}\u00a0\u00bb custom_css_main_element_last_edited=\u00a0\u00bbon|phone\u00a0\u00bb custom_css_main_element_phone=\u00a0\u00bborder: 2;\u00a0\u00bb][et_pb_text _builder_version=\u00a0\u00bb4.27.4&Prime; text_font=\u00a0\u00bb||||||||\u00a0\u00bb text_text_color=\u00a0\u00bb#000000&Prime; text_font_size=\u00a0\u00bb16px\u00a0\u00bb text_line_height=\u00a0\u00bb1.8em\u00a0\u00bb header_4_font=\u00a0\u00bb|700|||||||\u00a0\u00bb custom_margin_tablet=\u00a0\u00bb\u00a0\u00bb custom_margin_phone=\u00a0\u00bb\u00a0\u00bb custom_margin_last_edited=\u00a0\u00bbon|phone\u00a0\u00bb custom_padding=\u00a0\u00bb|20px||20px|false|true\u00a0\u00bb animation_direction=\u00a0\u00bbleft\u00a0\u00bb hover_enabled=\u00a0\u00bb0&Prime; global_colors_info=\u00a0\u00bb{}\u00a0\u00bb custom_padding_last_edited=\u00a0\u00bbon|phone\u00a0\u00bb custom_padding_phone=\u00a0\u00bb15px||||false|true\u00a0\u00bb sticky_enabled=\u00a0\u00bb0&Prime; custom_padding_tablet=\u00a0\u00bb|20px||20px|false|true\u00a0\u00bb]<\/p>\n<p><strong><\/strong><\/p>\n<p><strong>Sant\u00e9 g\u00e9n\u00e9rale et soutien<\/strong><\/p>\n<p>L\u2019\u00e9quipe du Moulin est l\u00e0 pour soutenir le bon d\u00e9roulement de la retraite et favoriser un environnement sain et bienveillant pour tous\u00b7tes les participants\u00b7es.<\/p>\n<p>Si vous ne vous sentez pas bien physiquement ou \u00e9motionnellement pendant la retraite, veuillez en parler avec votre <strong>enseignant\u00b7e<\/strong>, son <strong>assistant\u00b7e<\/strong>, ou avec <strong>Anna ou Carla<\/strong> de l\u2019\u00e9quipe du Moulin.<\/p>\n<p>Bien que nous ne puissions pas offrir de soins individuels, nous ferons de notre mieux pour vous orienter vers un soutien appropri\u00e9 si n\u00e9cessaire.<\/p>\n<p>&nbsp;<\/p>\n<p>[\/et_pb_text][\/et_pb_column][et_pb_column type=\u00a0\u00bb2_5&Prime; _builder_version=\u00a0\u00bb4.27.4&Prime; _module_preset=\u00a0\u00bbdefault\u00a0\u00bb global_colors_info=\u00a0\u00bb{}\u00a0\u00bb custom_css_main_element_last_edited=\u00a0\u00bbon|phone\u00a0\u00bb custom_css_main_element_phone=\u00a0\u00bborder: 1;\u00a0\u00bb][et_pb_image src=\u00a0\u00bbhttps:\/\/moulindechaves.org\/wp-content\/uploads\/2021\/12\/main-house-square-1.jpg\u00a0\u00bb title_text=\u00a0\u00bbmain-house-square\u00a0\u00bb align_tablet=\u00a0\u00bbcenter\u00a0\u00bb align_phone=\u00a0\u00bb\u00a0\u00bb align_last_edited=\u00a0\u00bbon|desktop\u00a0\u00bb _builder_version=\u00a0\u00bb4.16&Prime; global_colors_info=\u00a0\u00bb{}\u00a0\u00bb][\/et_pb_image][\/et_pb_column][\/et_pb_row][\/et_pb_section][et_pb_section fb_built=\u00a0\u00bb1&Prime; custom_padding_last_edited=\u00a0\u00bbon|phone\u00a0\u00bb _builder_version=\u00a0\u00bb4.16&Prime; _module_preset=\u00a0\u00bbdefault\u00a0\u00bb custom_padding_tablet=\u00a0\u00bb\u00a0\u00bb custom_padding_phone=\u00a0\u00bb0px||0px||false|false\u00a0\u00bb global_colors_info=\u00a0\u00bb{}\u00a0\u00bb][et_pb_row column_structure=\u00a0\u00bb2_5,3_5&Prime; _builder_version=\u00a0\u00bb4.27.4&Prime; _module_preset=\u00a0\u00bbdefault\u00a0\u00bb width=\u00a0\u00bb100%\u00a0\u00bb hover_enabled=\u00a0\u00bb0&Prime; global_colors_info=\u00a0\u00bb{}\u00a0\u00bb custom_padding_last_edited=\u00a0\u00bbon|phone\u00a0\u00bb custom_padding_phone=\u00a0\u00bb0px||||false|false\u00a0\u00bb sticky_enabled=\u00a0\u00bb0&Prime;][et_pb_column type=\u00a0\u00bb2_5&Prime; _builder_version=\u00a0\u00bb4.16&Prime; _module_preset=\u00a0\u00bbdefault\u00a0\u00bb global_colors_info=\u00a0\u00bb{}\u00a0\u00bb][et_pb_image src=\u00a0\u00bbhttps:\/\/www.moulindechaves.org\/wp-content\/uploads\/2022\/08\/Decked-area-portrait-1.jpg\u00a0\u00bb title_text=\u00a0\u00bbDecked-area&#8212;portrait\u00a0\u00bb align_tablet=\u00a0\u00bbcenter\u00a0\u00bb align_phone=\u00a0\u00bb\u00a0\u00bb align_last_edited=\u00a0\u00bbon|desktop\u00a0\u00bb _builder_version=\u00a0\u00bb4.27.4&Prime; global_colors_info=\u00a0\u00bb{}\u00a0\u00bb][\/et_pb_image][\/et_pb_column][et_pb_column type=\u00a0\u00bb3_5&Prime; _builder_version=\u00a0\u00bb4.16&Prime; _module_preset=\u00a0\u00bbdefault\u00a0\u00bb global_colors_info=\u00a0\u00bb{}\u00a0\u00bb][et_pb_text _builder_version=\u00a0\u00bb4.27.4&Prime; text_font=\u00a0\u00bb||||||||\u00a0\u00bb text_text_color=\u00a0\u00bb#000000&Prime; text_font_size=\u00a0\u00bb16px\u00a0\u00bb text_line_height=\u00a0\u00bb1.8em\u00a0\u00bb header_4_font=\u00a0\u00bb|700|||||||\u00a0\u00bb custom_padding_tablet=\u00a0\u00bb\u00a0\u00bb custom_padding_phone=\u00a0\u00bb|25px||25px|false|true\u00a0\u00bb custom_padding_last_edited=\u00a0\u00bbon|phone\u00a0\u00bb animation_direction=\u00a0\u00bbleft\u00a0\u00bb global_colors_info=\u00a0\u00bb{}\u00a0\u00bb]<\/p>\n<p><strong>Si vous avez des probl\u00e8mes de sant\u00e9 d\u00e9j\u00e0 existants<\/strong><\/p>\n<p>Si vous suivez un traitement ou avez un probl\u00e8me de sant\u00e9 physique ou mentale pouvant affecter votre retraite, nous vous encourageons \u00e0 en informer votre enseignant\u00b7e ou son assistant\u00b7e, avant la retraite ou au d\u00e9but de celle-ci. Cela nous aidera \u00e0 veiller au bien-\u00eatre de tous\u00b7tes et \u00e0 vous proposer un soutien si besoin.\u2028<\/p>\n<p>Si vous avez r\u00e9cemment travers\u00e9 une p\u00e9riode difficile sur le plan \u00e9motionnel ou psychologique (par exemple : d\u00e9pression, anxi\u00e9t\u00e9, \u00e9puisement), il peut aussi \u00eatre utile d\u2019en parler en priv\u00e9 avec votre enseignant\u00b7e ou son assistant\u00b7e.\u2028<\/p>\n<p>Toute information importante pouvant concerner le bien-\u00eatre du groupe peut \u00eatre partag\u00e9e en toute confidentialit\u00e9 avec <strong>Anna<\/strong> ou <strong>Carla<\/strong>, de l\u2019\u00e9quipe du Moulin.<\/p>\n<p>[\/et_pb_text][\/et_pb_column][\/et_pb_row][\/et_pb_section][et_pb_section fb_built=\u00a0\u00bb1&Prime; custom_padding_last_edited=\u00a0\u00bbon|phone\u00a0\u00bb admin_label=\u00a0\u00bbOur Story Section\u00a0\u00bb _builder_version=\u00a0\u00bb4.27.4&Prime; background_color=\u00a0\u00bb#eaeaea\u00a0\u00bb vertical_offset_tablet=\u00a0\u00bb0&Prime; horizontal_offset_tablet=\u00a0\u00bb0&Prime; custom_padding=\u00a0\u00bb25px||25px||true|false\u00a0\u00bb custom_padding_tablet=\u00a0\u00bb25px||25px||true|false\u00a0\u00bb custom_padding_phone=\u00a0\u00bb0px||0px||true|false\u00a0\u00bb hover_enabled=\u00a0\u00bb0&Prime; box_shadow_horizontal_tablet=\u00a0\u00bb0px\u00a0\u00bb box_shadow_vertical_tablet=\u00a0\u00bb0px\u00a0\u00bb box_shadow_blur_tablet=\u00a0\u00bb40px\u00a0\u00bb box_shadow_spread_tablet=\u00a0\u00bb0px\u00a0\u00bb global_colors_info=\u00a0\u00bb{}\u00a0\u00bb sticky_enabled=\u00a0\u00bb0&Prime;][et_pb_row column_structure=\u00a0\u00bb3_5,2_5&Prime; _builder_version=\u00a0\u00bb4.27.4&Prime; _module_preset=\u00a0\u00bbdefault\u00a0\u00bb width=\u00a0\u00bb100%\u00a0\u00bb hover_enabled=\u00a0\u00bb0&Prime; global_colors_info=\u00a0\u00bb{}\u00a0\u00bb custom_css_main_element_last_edited=\u00a0\u00bbon|phone\u00a0\u00bb custom_css_main_element_phone=\u00a0\u00bbdisplay: flex;||flex-wrap: wrap;\u00a0\u00bb sticky_enabled=\u00a0\u00bb0&Prime; custom_padding_last_edited=\u00a0\u00bbon|phone\u00a0\u00bb custom_padding_phone=\u00a0\u00bb0px||||false|false\u00a0\u00bb][et_pb_column type=\u00a0\u00bb3_5&Prime; _builder_version=\u00a0\u00bb4.27.4&Prime; _module_preset=\u00a0\u00bbdefault\u00a0\u00bb hover_enabled=\u00a0\u00bb0&Prime; global_colors_info=\u00a0\u00bb{}\u00a0\u00bb sticky_enabled=\u00a0\u00bb0&Prime; custom_css_main_element_last_edited=\u00a0\u00bbon|phone\u00a0\u00bb custom_css_main_element_phone=\u00a0\u00bborder: 2;\u00a0\u00bb][et_pb_text _builder_version=\u00a0\u00bb4.27.4&Prime; text_font=\u00a0\u00bb||||||||\u00a0\u00bb text_text_color=\u00a0\u00bb#000000&Prime; text_font_size=\u00a0\u00bb16px\u00a0\u00bb text_line_height=\u00a0\u00bb1.8em\u00a0\u00bb header_4_font=\u00a0\u00bb|700|||||||\u00a0\u00bb custom_margin_tablet=\u00a0\u00bb\u00a0\u00bb custom_margin_phone=\u00a0\u00bb\u00a0\u00bb custom_margin_last_edited=\u00a0\u00bbon|phone\u00a0\u00bb custom_padding=\u00a0\u00bb|20px||20px|false|true\u00a0\u00bb animation_direction=\u00a0\u00bbleft\u00a0\u00bb global_colors_info=\u00a0\u00bb{}\u00a0\u00bb]<\/p>\n<p><strong><\/strong><\/p>\n<p><strong>En cas de maladie pendant la retraite<\/strong><\/p>\n<p>(Refroidissements, grippe, COVID-19, virus gastriques, etc.)\u2028<\/p>\n<p>Si vous tombez malade pendant la retraite, nous vous demandons de prendre soin de votre sant\u00e9 tout en aidant \u00e0 prot\u00e9ger les autres. Merci de :\u2028 <br \/>\u2013 Porter un masque dans les espaces partag\u00e9s (en particulier dans la salle de m\u00e9ditation, au buffet et en cuisine)\u2028 <br \/>\u2013 Vous laver r\u00e9guli\u00e8rement les mains, surtout avant les repas ou apr\u00e8s avoir touch\u00e9 des surfaces communes\u2028 <br \/>\u2013 Garder une certaine distance avec les autres dans la mesure du possible\u2028 <br \/>\u2013 Ne pas travailler en cuisine\u2028 <br \/>\u2013 Vous asseoir l\u00e9g\u00e8rement \u00e0 l\u2019\u00e9cart pendant les repas, jusqu\u2019\u00e0 votre r\u00e9tablissement complet.<\/p>\n<p>Si vous avez des questions ou des pr\u00e9occupations concernant votre sant\u00e9 ou votre bien-\u00eatre pendant la retraite, n\u2019h\u00e9sitez pas \u00e0 en parler. Nous sommes l\u00e0 pour soutenir votre s\u00e9jour de retraite du mieux que nous pouvons.<\/p>\n<p>[\/et_pb_text][\/et_pb_column][et_pb_column type=\u00a0\u00bb2_5&Prime; _builder_version=\u00a0\u00bb4.27.4&Prime; _module_preset=\u00a0\u00bbdefault\u00a0\u00bb hover_enabled=\u00a0\u00bb0&Prime; global_colors_info=\u00a0\u00bb{}\u00a0\u00bb custom_css_main_element_last_edited=\u00a0\u00bbon|phone\u00a0\u00bb custom_css_main_element_phone=\u00a0\u00bborder: 1;\u00a0\u00bb sticky_enabled=\u00a0\u00bb0&Prime;][et_pb_image src=\u00a0\u00bbhttps:\/\/www.moulindechaves.org\/wp-content\/uploads\/2022\/06\/Moulin-view-of-the-river.jpg\u00a0\u00bb title_text=\u00a0\u00bbMoulin-view-of-the-river\u00a0\u00bb align_tablet=\u00a0\u00bbcenter\u00a0\u00bb align_phone=\u00a0\u00bb\u00a0\u00bb align_last_edited=\u00a0\u00bbon|desktop\u00a0\u00bb _builder_version=\u00a0\u00bb4.27.4&Prime; global_colors_info=\u00a0\u00bb{}\u00a0\u00bb][\/et_pb_image][\/et_pb_column][\/et_pb_row][\/et_pb_section]<\/p>\n","protected":false},"excerpt":{"rendered":"<p>SANT\u00c9, HYGI\u00c8NE ET BIEN-\u00caTRE AU MOULIN DE CHAVESNous souhaitons que chacun\u00b7e se sente en s\u00e9curit\u00e9, soutenu\u00b7e et bien accueilli\u00b7e au Moulin.Voici quelques consignes simples pour prendre soin de vous et du groupe pendant votre s\u00e9jour. Sant\u00e9 g\u00e9n\u00e9rale et soutien L\u2019\u00e9quipe du Moulin est l\u00e0 pour soutenir le bon d\u00e9roulement de la retraite et favoriser un [&hellip;]<\/p>\n","protected":false},"author":6,"featured_media":0,"parent":0,"menu_order":0,"comment_status":"closed","ping_status":"closed","template":"","meta":{"_et_pb_use_builder":"on","_et_pb_old_content":"","_et_gb_content_width":"","_monsterinsights_skip_tracking":false,"_monsterinsights_sitenote_active":false,"_monsterinsights_sitenote_note":"","_monsterinsights_sitenote_category":0,"footnotes":""},"class_list":["post-26427","page","type-page","status-publish","hentry"],"jetpack_sharing_enabled":true,"_links":{"self":[{"href":"https:\/\/www.moulindechaves.org\/fr\/wp-json\/wp\/v2\/pages\/26427","targetHints":{"allow":["GET"]}}],"collection":[{"href":"https:\/\/www.moulindechaves.org\/fr\/wp-json\/wp\/v2\/pages"}],"about":[{"href":"https:\/\/www.moulindechaves.org\/fr\/wp-json\/wp\/v2\/types\/page"}],"author":[{"embeddable":true,"href":"https:\/\/www.moulindechaves.org\/fr\/wp-json\/wp\/v2\/users\/6"}],"replies":[{"embeddable":true,"href":"https:\/\/www.moulindechaves.org\/fr\/wp-json\/wp\/v2\/comments?post=26427"}],"version-history":[{"count":50,"href":"https:\/\/www.moulindechaves.org\/fr\/wp-json\/wp\/v2\/pages\/26427\/revisions"}],"predecessor-version":[{"id":28540,"href":"https:\/\/www.moulindechaves.org\/fr\/wp-json\/wp\/v2\/pages\/26427\/revisions\/28540"}],"wp:attachment":[{"href":"https:\/\/www.moulindechaves.org\/fr\/wp-json\/wp\/v2\/media?parent=26427"}],"curies":[{"name":"wp","href":"https:\/\/api.w.org\/{rel}","templated":true}]}}