{"id":26742,"date":"2022-01-10T12:40:00","date_gmt":"2022-01-10T12:40:00","guid":{"rendered":"https:\/\/www.moulindechaves.org\/privacy-policy\/"},"modified":"2022-02-08T09:08:47","modified_gmt":"2022-02-08T09:08:47","slug":"politique-de-confidentialite","status":"publish","type":"page","link":"https:\/\/www.moulindechaves.org\/fr\/politique-de-confidentialite\/","title":{"rendered":"Politique de Confidentialit\u00e9"},"content":{"rendered":"<p>[et_pb_section fb_built=\u00a0\u00bb1&Prime; fullwidth=\u00a0\u00bbon\u00a0\u00bb _builder_version=\u00a0\u00bb4.14.4&Prime; animation_direction=\u00a0\u00bbtop\u00a0\u00bb global_colors_info=\u00a0\u00bb{}\u00a0\u00bb][et_pb_fullwidth_header title=\u00a0\u00bbPOLITIQUE DE CONFIDENTIALIT\u00c9\u00a0\u00bb text_orientation=\u00a0\u00bbcenter\u00a0\u00bb background_overlay_color=\u00a0\u00bbrgba(255,255,255,0.05)\u00a0\u00bb content_max_width=\u00a0\u00bb700px\u00a0\u00bb _builder_version=\u00a0\u00bb4.14.7&Prime; title_font=\u00a0\u00bbMulish||||||||\u00a0\u00bb title_text_align=\u00a0\u00bbcenter\u00a0\u00bb title_font_size=\u00a0\u00bb36px\u00a0\u00bb title_letter_spacing=\u00a0\u00bb2px\u00a0\u00bb title_line_height=\u00a0\u00bb1.2em\u00a0\u00bb content_font=\u00a0\u00bb||||||||\u00a0\u00bb content_font_size=\u00a0\u00bb20px\u00a0\u00bb content_line_height=\u00a0\u00bb1.8em\u00a0\u00bb background_enable_color=\u00a0\u00bboff\u00a0\u00bb use_background_color_gradient=\u00a0\u00bbon\u00a0\u00bb background_color_gradient_start=\u00a0\u00bbrgba(0,0,0,0.43)\u00a0\u00bb background_color_gradient_end=\u00a0\u00bbrgba(255,255,255,0)\u00a0\u00bb background_color_gradient_overlays_image=\u00a0\u00bbon\u00a0\u00bb background_image=\u00a0\u00bbhttps:\/\/moulindechaves.org\/wp-content\/uploads\/2021\/12\/header-crop-2-1.jpg\u00a0\u00bb custom_button_one=\u00a0\u00bbon\u00a0\u00bb button_one_text_size=\u00a0\u00bb18px\u00a0\u00bb button_one_bg_color=\u00a0\u00bb#02d002&Prime; button_one_border_width=\u00a0\u00bb8px\u00a0\u00bb button_one_border_color=\u00a0\u00bb#02d002&Prime; button_one_border_radius=\u00a0\u00bb0px\u00a0\u00bb button_one_letter_spacing=\u00a0\u00bb1px\u00a0\u00bb button_one_font=\u00a0\u00bbLato|700|||||||\u00a0\u00bb button_one_use_icon=\u00a0\u00bboff\u00a0\u00bb custom_button_two=\u00a0\u00bbon\u00a0\u00bb button_two_text_size=\u00a0\u00bb18px\u00a0\u00bb button_two_text_color=\u00a0\u00bb#353740&Prime; button_two_bg_color=\u00a0\u00bb#ffffff\u00a0\u00bb button_two_border_width=\u00a0\u00bb8px\u00a0\u00bb button_two_border_color=\u00a0\u00bb#ffffff\u00a0\u00bb button_two_border_radius=\u00a0\u00bb0px\u00a0\u00bb button_two_letter_spacing=\u00a0\u00bb1px\u00a0\u00bb button_two_font=\u00a0\u00bbLato|700|||||||\u00a0\u00bb button_two_use_icon=\u00a0\u00bboff\u00a0\u00bb custom_padding=\u00a0\u00bb10%||10%|\u00a0\u00bb hover_enabled=\u00a0\u00bb0&Prime; title_text_shadow_style=\u00a0\u00bbpreset3&Prime; title_text_shadow_color=\u00a0\u00bbrgba(0,0,0,0.95)\u00a0\u00bb button_one_letter_spacing_hover=\u00a0\u00bb1px\u00a0\u00bb button_two_letter_spacing_hover=\u00a0\u00bb1px\u00a0\u00bb global_colors_info=\u00a0\u00bb{}\u00a0\u00bb button_one_text_size__hover_enabled=\u00a0\u00bboff\u00a0\u00bb button_one_text_size__hover=\u00a0\u00bbnull\u00a0\u00bb button_two_text_size__hover_enabled=\u00a0\u00bboff\u00a0\u00bb button_two_text_size__hover=\u00a0\u00bbnull\u00a0\u00bb button_one_text_color__hover_enabled=\u00a0\u00bboff\u00a0\u00bb button_one_text_color__hover=\u00a0\u00bbnull\u00a0\u00bb button_two_text_color__hover_enabled=\u00a0\u00bboff\u00a0\u00bb button_two_text_color__hover=\u00a0\u00bbnull\u00a0\u00bb button_one_border_width__hover_enabled=\u00a0\u00bboff\u00a0\u00bb button_one_border_width__hover=\u00a0\u00bbnull\u00a0\u00bb button_two_border_width__hover_enabled=\u00a0\u00bboff\u00a0\u00bb button_two_border_width__hover=\u00a0\u00bbnull\u00a0\u00bb button_one_border_color__hover_enabled=\u00a0\u00bboff\u00a0\u00bb button_one_border_color__hover=\u00a0\u00bbnull\u00a0\u00bb button_two_border_color__hover_enabled=\u00a0\u00bboff\u00a0\u00bb button_two_border_color__hover=\u00a0\u00bbnull\u00a0\u00bb button_one_border_radius__hover_enabled=\u00a0\u00bboff\u00a0\u00bb button_one_border_radius__hover=\u00a0\u00bbnull\u00a0\u00bb button_two_border_radius__hover_enabled=\u00a0\u00bboff\u00a0\u00bb button_two_border_radius__hover=\u00a0\u00bbnull\u00a0\u00bb button_one_letter_spacing__hover_enabled=\u00a0\u00bbon\u00a0\u00bb button_one_letter_spacing__hover=\u00a0\u00bb1px\u00a0\u00bb button_two_letter_spacing__hover_enabled=\u00a0\u00bbon\u00a0\u00bb button_two_letter_spacing__hover=\u00a0\u00bb1px\u00a0\u00bb button_one_bg_color__hover_enabled=\u00a0\u00bboff\u00a0\u00bb button_one_bg_color__hover=\u00a0\u00bbnull\u00a0\u00bb button_two_bg_color__hover_enabled=\u00a0\u00bboff\u00a0\u00bb button_two_bg_color__hover=\u00a0\u00bbnull\u00a0\u00bb title_font_size_last_edited=\u00a0\u00bbon|phone\u00a0\u00bb sticky_enabled=\u00a0\u00bb0&Prime; title_font_size_phone=\u00a0\u00bb17px\u00a0\u00bb title_font_size_tablet=\u00a0\u00bb36px\u00a0\u00bb][\/et_pb_fullwidth_header][\/et_pb_section][et_pb_section fb_built=\u00a0\u00bb1&Prime; custom_padding_last_edited=\u00a0\u00bbon|phone\u00a0\u00bb _builder_version=\u00a0\u00bb4.14.6&Prime; _module_preset=\u00a0\u00bbdefault\u00a0\u00bb custom_padding=\u00a0\u00bb20px||||false|false\u00a0\u00bb custom_padding_tablet=\u00a0\u00bb20px||||false|false\u00a0\u00bb custom_padding_phone=\u00a0\u00bb||0px||false|false\u00a0\u00bb global_colors_info=\u00a0\u00bb{}\u00a0\u00bb][et_pb_row _builder_version=\u00a0\u00bb4.14.6&Prime; _module_preset=\u00a0\u00bbdefault\u00a0\u00bb global_colors_info=\u00a0\u00bb{}\u00a0\u00bb][et_pb_column type=\u00a0\u00bb4_4&Prime; _builder_version=\u00a0\u00bb4.14.6&Prime; _module_preset=\u00a0\u00bbdefault\u00a0\u00bb global_colors_info=\u00a0\u00bb{}\u00a0\u00bb][et_pb_text _builder_version=\u00a0\u00bb4.14.7&Prime; _module_preset=\u00a0\u00bbdefault\u00a0\u00bb text_font=\u00a0\u00bbMulish||||||||\u00a0\u00bb text_text_color=\u00a0\u00bb#000000&Prime; text_font_size=\u00a0\u00bb26px\u00a0\u00bb text_letter_spacing=\u00a0\u00bb2px\u00a0\u00bb text_font_size_tablet=\u00a0\u00bb26px\u00a0\u00bb text_font_size_phone=\u00a0\u00bb21px\u00a0\u00bb text_font_size_last_edited=\u00a0\u00bbon|phone\u00a0\u00bb text_line_height_tablet=\u00a0\u00bb\u00a0\u00bb text_line_height_phone=\u00a0\u00bb1.8em\u00a0\u00bb text_line_height_last_edited=\u00a0\u00bbon|phone\u00a0\u00bb global_colors_info=\u00a0\u00bb{}\u00a0\u00bb]<\/p>\n<p style=\"text-align: center;\"><strong>AVIS SUR LA PROTECTION DES DONN\u00c9ES<\/strong><\/p>\n<p style=\"text-align: center;\"><strong>Association du Moulin de Chaves<br \/><\/strong><\/p>\n<p>[\/et_pb_text][\/et_pb_column][\/et_pb_row][et_pb_row custom_padding_last_edited=\u00a0\u00bbon|phone\u00a0\u00bb _builder_version=\u00a0\u00bb4.14.6&Prime; _module_preset=\u00a0\u00bbdefault\u00a0\u00bb custom_padding_tablet=\u00a0\u00bb\u00a0\u00bb custom_padding_phone=\u00a0\u00bb0px||0px||false|false\u00a0\u00bb global_colors_info=\u00a0\u00bb{}\u00a0\u00bb][et_pb_column type=\u00a0\u00bb4_4&Prime; _builder_version=\u00a0\u00bb4.14.6&Prime; _module_preset=\u00a0\u00bbdefault\u00a0\u00bb global_colors_info=\u00a0\u00bb{}\u00a0\u00bb][et_pb_divider color=\u00a0\u00bb#000000&Prime; _builder_version=\u00a0\u00bb4.14.6&Prime; _module_preset=\u00a0\u00bbdefault\u00a0\u00bb global_colors_info=\u00a0\u00bb{}\u00a0\u00bb][\/et_pb_divider][\/et_pb_column][\/et_pb_row][et_pb_row _builder_version=\u00a0\u00bb4.14.6&Prime; _module_preset=\u00a0\u00bbdefault\u00a0\u00bb global_colors_info=\u00a0\u00bb{}\u00a0\u00bb][et_pb_column type=\u00a0\u00bb4_4&Prime; _builder_version=\u00a0\u00bb4.14.6&Prime; _module_preset=\u00a0\u00bbdefault\u00a0\u00bb global_colors_info=\u00a0\u00bb{}\u00a0\u00bb][et_pb_text _builder_version=\u00a0\u00bb4.14.7&Prime; text_font=\u00a0\u00bb||||||||\u00a0\u00bb text_text_color=\u00a0\u00bb#000000&Prime; text_font_size=\u00a0\u00bb16px\u00a0\u00bb text_line_height=\u00a0\u00bb1.8em\u00a0\u00bb header_4_font=\u00a0\u00bb|700|||||||\u00a0\u00bb custom_margin_tablet=\u00a0\u00bb\u00a0\u00bb custom_margin_phone=\u00a0\u00bb\u00a0\u00bb custom_margin_last_edited=\u00a0\u00bbon|phone\u00a0\u00bb custom_padding=\u00a0\u00bb|20px||20px|false|true\u00a0\u00bb animation_direction=\u00a0\u00bbleft\u00a0\u00bb global_colors_info=\u00a0\u00bb{}\u00a0\u00bb]<\/p>\n<p><strong>1. Qu\u2019est-ce qu\u2019une donn\u00e9e personnelle?<br \/><\/strong><\/p>\n<p>Une donn\u00e9e personnelle est toute information relative \u00e0 une personne physique qui permet de l\u2019identifier. L\u2019identification peut se faire par une seule information ou sa connexion avec une autre information en possession du DPO (Data Protection Officer), \u00e0 savoir la personne dont le r\u00f4le est d\u2019assurer la conformit\u00e9 \u00e0 la l\u00e9gislation. Le traitement des donn\u00e9es personnelles est encadr\u00e9 par le RGPD, le R\u00e8glement G\u00e9n\u00e9ral Europ\u00e9en sur la Protection des Donn\u00e9es.<br \/><strong><br \/>2. Qui sommes-nous?<br \/><\/strong><\/p>\n<p>L\u2019association Moulin de Chaves joue le r\u00f4le responsable de la protection de vos donn\u00e9es personnelles (informations de contact ci-dessous). Cela veut dire qu\u2019elle d\u00e9cide comment vos donn\u00e9es personnelles sont g\u00e9r\u00e9es et pour quels buts elles sont utilis\u00e9es.<\/p>\n<p><strong>3. Comment g\u00e9rons-nous vos donn\u00e9es personnelles?<br \/><\/strong><\/p>\n<p>L\u2019association Moulin de Chaves respecte ses obligations vis-\u00e0-vis du RGPD en maintenant \u00e0 jour les donn\u00e9es personnelles; en les conservant et en les supprimant d\u2019une mani\u00e8re s\u00e9curis\u00e9e ; en ne collectant pas, ni en ne conservant pas une quantit\u00e9 excessive de donn\u00e9es ; en prot\u00e9geant les donn\u00e9es personnelles d\u2019une perte, d\u2019un mauvais usage, d\u2019un acc\u00e8s non autoris\u00e9 ou d\u2019une divulgation et en garantissant que des mesures techniques adapt\u00e9es soient mises en place pour prot\u00e9ger ces donn\u00e9es personnelles.<\/p>\n<p>Nous utilisons vos donn\u00e9es personnelles pour les usages suivants:<\/p>\n<ul>\n<li>Pour permettre la bonne organisation des \u00e9v\u00e9nements que nous accueillons<\/li>\n<li>Pour l\u2019administration des dossiers des membres de l\u2019association<\/li>\n<li>Pour g\u00e9rer nos employ\u00e9s et b\u00e9n\u00e9voles<\/li>\n<li>Pour tenir les comptes et g\u00e9rer les archives de l\u2019association<\/li>\n<li>Pour vous tenir informer des actualit\u00e9s et \u00e9v\u00e9nements<\/li>\n<\/ul>\n<p><strong>4. Quelles sont les obligations l\u00e9gales en termes de traitement de vos donn\u00e9es personnelles?<br \/><\/strong><\/p>\n<p>\u2022 Le consentement explicite du possesseur des donn\u00e9es doit \u00eatre obtenu pour que nous puissions les utiliser pour vous informer des actualit\u00e9s, des \u00e9v\u00e9nements, des activit\u00e9s et des services propos\u00e9s par l\u2019association.<br \/>\u2022 \u2028Le traitement des donn\u00e9es est n\u00e9cessaire pour remplir nos obligations l\u00e9gales concernant l\u2019organisation \u00e9v\u00e9nements, la comptabilit\u00e9, l\u2019emploi de salari\u00e9s, la s\u00e9curit\u00e9 sociale, la protection sociale ou une convention collective.<\/p>\n<p>Vos donn\u00e9es ne seront pas divulgu\u00e9es \u00e0 un tiers sans votre consentement.<\/p>\n<p><strong>5. Partage de vos donn\u00e9es personnelles<br \/><\/strong><\/p>\n<p>Vos donn\u00e9es personnelles sont g\u00e9r\u00e9es comme des donn\u00e9es strictement confidentielles. Elles seront uniquement partag\u00e9es avec d\u2019autres membres de l\u2019association ou des enseignants invit\u00e9s dans le but de permettre \u00e0 l\u2019association de remplir ses missions de services aupr\u00e8s d\u2019autres membres ou bien pour les besoins des activit\u00e9s du Moulin. Nous pouvons partager vos donn\u00e9es avec des tiers externes \u00e0 l\u2019association uniquement sous votre consentement.<br \/><strong><\/strong><\/p>\n<p><strong>6. Vos droits et vos donn\u00e9es personnelles<br \/><\/strong><\/p>\n<p>Sauf si vous faites l\u2019objet d\u2019une d\u00e9rogation quant au RDPD, vous disposez des droits suivants quant \u00e0 la protection de vos donn\u00e9es personnelles:<\/p>\n<ul>\n<li>Le droit de demander une copie de vos donn\u00e9es personnelles que l\u2019Association Moulin de Chaves conserve vous concernant;<\/li>\n<li>Le droit de demander la suppression de vos donn\u00e9es personnelles lorsqu\u2019il n\u2019est plus n\u00e9cessaire pour l\u2019Association Moulin de Chaves de les conserver;<\/li>\n<li>\u2028Le droit de retirer \u00e0 n\u2019importe quel moment votre consentement quant au traitement de vos donn\u00e9es;<\/li>\n<li>\u2028Le droit de demander au responsable de vos donn\u00e9es de r\u00e9cup\u00e9rer les donn\u00e9es personnelles qui ont \u00e9t\u00e9 fournies et, lorsque cela est possible, de les transmettre \u00e0 un autre responsable de la protection des donn\u00e9es (droit \u00e0 la portabilit\u00e9 des donn\u00e9es). [Cela s\u2019applique uniquement lorsque le traitement des donn\u00e9es est fond\u00e9 sur le consentement ou qu\u2019il est n\u00e9cessaire pour la fourniture des prestations de services contractuelles vis-\u00e0-vis d\u2019un individu possesseur des donn\u00e9es et dans tous les cas, le contr\u00f4leur des donn\u00e9es traite les donn\u00e9es par des moyens automatis\u00e9s].<\/li>\n<li>Le droit en cas de diff\u00e9rend quant \u00e0 la l\u2019exactitude ou le traitement de vos donn\u00e9es personnelles \u00e0 demander \u00e0 ce que leur traitement ult\u00e9rieur soit retreint.<\/li>\n<li>Le droit de s\u2019opposer au traitement de vos donn\u00e9es personnelles (lorsque c\u2019est applicable).<\/li>\n<li>Le droit \u00e0 d\u00e9poser une plainte aupr\u00e8s de la CNIL.<\/li>\n<\/ul>\n<p><strong>8. Traitements additionnels <br \/><\/strong><\/p>\n<p>Si nous souhaitons utiliser vos donn\u00e9es personnelles pour un autre usage non couvert par cet avis de protection des donn\u00e9es, nous vous communiquerons un nouvel avis expliquant ce nouvel usage et les conditions de traitement. A chaque fois que cela est n\u00e9cessaire, nous vous demanderons votre consentement pour tout nouveau traitement de vos donn\u00e9es personnelles. <br \/><strong><\/strong><\/p>\n<p><strong>9. Informations de contact<br \/><\/strong><\/p>\n<p>Pour exercer vos droits, adresser vos demandes et vos r\u00e9clamations, merci de contacter en premi\u00e8re instance <a href=\"mailto:moulindechaves@gmail.com\" target=\"_blank\" rel=\"noopener\"><strong>l\u2019administrateur des donn\u00e9es de l\u2019Association Moulin de Chaves\u00a0<\/strong><\/a><\/p>\n<p>[\/et_pb_text][\/et_pb_column][\/et_pb_row][\/et_pb_section]<\/p>\n","protected":false},"excerpt":{"rendered":"<p>AVIS SUR LA PROTECTION DES DONN\u00c9ES Association du Moulin de Chaves1. Qu\u2019est-ce qu\u2019une donn\u00e9e personnelle? Une donn\u00e9e personnelle est toute information relative \u00e0 une personne physique qui permet de l\u2019identifier. L\u2019identification peut se faire par une seule information ou sa connexion avec une autre information en possession du DPO (Data Protection Officer), \u00e0 savoir la [&hellip;]<\/p>\n","protected":false},"author":6,"featured_media":0,"parent":0,"menu_order":0,"comment_status":"closed","ping_status":"closed","template":"","meta":{"_et_pb_use_builder":"on","_et_pb_old_content":"","_et_gb_content_width":"","_monsterinsights_skip_tracking":false,"_monsterinsights_sitenote_active":false,"_monsterinsights_sitenote_note":"","_monsterinsights_sitenote_category":0,"footnotes":""},"class_list":["post-26742","page","type-page","status-publish","hentry"],"jetpack_sharing_enabled":true,"_links":{"self":[{"href":"https:\/\/www.moulindechaves.org\/fr\/wp-json\/wp\/v2\/pages\/26742","targetHints":{"allow":["GET"]}}],"collection":[{"href":"https:\/\/www.moulindechaves.org\/fr\/wp-json\/wp\/v2\/pages"}],"about":[{"href":"https:\/\/www.moulindechaves.org\/fr\/wp-json\/wp\/v2\/types\/page"}],"author":[{"embeddable":true,"href":"https:\/\/www.moulindechaves.org\/fr\/wp-json\/wp\/v2\/users\/6"}],"replies":[{"embeddable":true,"href":"https:\/\/www.moulindechaves.org\/fr\/wp-json\/wp\/v2\/comments?post=26742"}],"version-history":[{"count":10,"href":"https:\/\/www.moulindechaves.org\/fr\/wp-json\/wp\/v2\/pages\/26742\/revisions"}],"predecessor-version":[{"id":26760,"href":"https:\/\/www.moulindechaves.org\/fr\/wp-json\/wp\/v2\/pages\/26742\/revisions\/26760"}],"wp:attachment":[{"href":"https:\/\/www.moulindechaves.org\/fr\/wp-json\/wp\/v2\/media?parent=26742"}],"curies":[{"name":"wp","href":"https:\/\/api.w.org\/{rel}","templated":true}]}}