{"id":27750,"date":"2022-11-30T16:07:23","date_gmt":"2022-11-30T16:07:23","guid":{"rendered":"https:\/\/www.moulindechaves.org\/frequently-asked-questions\/"},"modified":"2026-01-13T10:36:56","modified_gmt":"2026-01-13T10:36:56","slug":"foire-aux-questions","status":"publish","type":"page","link":"https:\/\/www.moulindechaves.org\/fr\/foire-aux-questions\/","title":{"rendered":"FOIRE AUX QUESTIONS"},"content":{"rendered":"<p>[et_pb_section fb_built=\u00a0\u00bb1&Prime; fullwidth=\u00a0\u00bbon\u00a0\u00bb _builder_version=\u00a0\u00bb4.16&Prime; animation_direction=\u00a0\u00bbtop\u00a0\u00bb global_colors_info=\u00a0\u00bb{}\u00a0\u00bb][et_pb_fullwidth_header title=\u00a0\u00bbFOIRE AUX QUESTIONS\u00a0\u00bb text_orientation=\u00a0\u00bbcenter\u00a0\u00bb background_overlay_color=\u00a0\u00bbrgba(255,255,255,0.05)\u00a0\u00bb content_max_width=\u00a0\u00bb700px\u00a0\u00bb _builder_version=\u00a0\u00bb4.19.2&Prime; title_font=\u00a0\u00bbMulish||||||||\u00a0\u00bb title_text_align=\u00a0\u00bbcenter\u00a0\u00bb title_font_size=\u00a0\u00bb38px\u00a0\u00bb title_letter_spacing=\u00a0\u00bb2px\u00a0\u00bb title_line_height=\u00a0\u00bb1.2em\u00a0\u00bb content_font=\u00a0\u00bb||||||||\u00a0\u00bb content_font_size=\u00a0\u00bb20px\u00a0\u00bb content_line_height=\u00a0\u00bb1.8em\u00a0\u00bb background_enable_color=\u00a0\u00bboff\u00a0\u00bb background_color_gradient_direction=\u00a0\u00bb90deg\u00a0\u00bb background_image=\u00a0\u00bbhttps:\/\/www.moulindechaves.org\/wp-content\/uploads\/2022\/11\/FAQ.jpg\u00a0\u00bb custom_button_one=\u00a0\u00bbon\u00a0\u00bb button_one_text_size=\u00a0\u00bb18px\u00a0\u00bb button_one_bg_color=\u00a0\u00bb#02d002&Prime; button_one_border_width=\u00a0\u00bb8px\u00a0\u00bb button_one_border_color=\u00a0\u00bb#02d002&Prime; button_one_border_radius=\u00a0\u00bb0px\u00a0\u00bb button_one_letter_spacing=\u00a0\u00bb1px\u00a0\u00bb button_one_font=\u00a0\u00bbLato|700|||||||\u00a0\u00bb button_one_use_icon=\u00a0\u00bboff\u00a0\u00bb custom_button_two=\u00a0\u00bbon\u00a0\u00bb button_two_text_size=\u00a0\u00bb18px\u00a0\u00bb button_two_text_color=\u00a0\u00bb#353740&Prime; button_two_bg_color=\u00a0\u00bb#ffffff\u00a0\u00bb button_two_border_width=\u00a0\u00bb8px\u00a0\u00bb button_two_border_color=\u00a0\u00bb#ffffff\u00a0\u00bb button_two_border_radius=\u00a0\u00bb0px\u00a0\u00bb button_two_letter_spacing=\u00a0\u00bb1px\u00a0\u00bb button_two_font=\u00a0\u00bbLato|700|||||||\u00a0\u00bb button_two_use_icon=\u00a0\u00bboff\u00a0\u00bb custom_padding=\u00a0\u00bb10%||10%|\u00a0\u00bb title_text_shadow_style=\u00a0\u00bbpreset3&Prime; title_text_shadow_color=\u00a0\u00bbrgba(0,0,0,0.95)\u00a0\u00bb button_one_letter_spacing_hover=\u00a0\u00bb1px\u00a0\u00bb button_two_letter_spacing_hover=\u00a0\u00bb1px\u00a0\u00bb global_colors_info=\u00a0\u00bb{}\u00a0\u00bb button_one_text_size__hover_enabled=\u00a0\u00bboff\u00a0\u00bb button_one_text_size__hover=\u00a0\u00bbnull\u00a0\u00bb button_two_text_size__hover_enabled=\u00a0\u00bboff\u00a0\u00bb button_two_text_size__hover=\u00a0\u00bbnull\u00a0\u00bb button_one_text_color__hover_enabled=\u00a0\u00bboff\u00a0\u00bb button_one_text_color__hover=\u00a0\u00bbnull\u00a0\u00bb button_two_text_color__hover_enabled=\u00a0\u00bboff\u00a0\u00bb button_two_text_color__hover=\u00a0\u00bbnull\u00a0\u00bb button_one_border_width__hover_enabled=\u00a0\u00bboff\u00a0\u00bb button_one_border_width__hover=\u00a0\u00bbnull\u00a0\u00bb button_two_border_width__hover_enabled=\u00a0\u00bboff\u00a0\u00bb button_two_border_width__hover=\u00a0\u00bbnull\u00a0\u00bb button_one_border_color__hover_enabled=\u00a0\u00bboff\u00a0\u00bb button_one_border_color__hover=\u00a0\u00bbnull\u00a0\u00bb button_two_border_color__hover_enabled=\u00a0\u00bboff\u00a0\u00bb button_two_border_color__hover=\u00a0\u00bbnull\u00a0\u00bb button_one_border_radius__hover_enabled=\u00a0\u00bboff\u00a0\u00bb button_one_border_radius__hover=\u00a0\u00bbnull\u00a0\u00bb button_two_border_radius__hover_enabled=\u00a0\u00bboff\u00a0\u00bb button_two_border_radius__hover=\u00a0\u00bbnull\u00a0\u00bb button_one_letter_spacing__hover_enabled=\u00a0\u00bbon\u00a0\u00bb button_one_letter_spacing__hover=\u00a0\u00bb1px\u00a0\u00bb button_two_letter_spacing__hover_enabled=\u00a0\u00bbon\u00a0\u00bb button_two_letter_spacing__hover=\u00a0\u00bb1px\u00a0\u00bb button_one_bg_color__hover_enabled=\u00a0\u00bboff\u00a0\u00bb button_one_bg_color__hover=\u00a0\u00bbnull\u00a0\u00bb button_two_bg_color__hover_enabled=\u00a0\u00bboff\u00a0\u00bb button_two_bg_color__hover=\u00a0\u00bbnull\u00a0\u00bb][\/et_pb_fullwidth_header][\/et_pb_section][et_pb_section fb_built=\u00a0\u00bb1&Prime; custom_padding_last_edited=\u00a0\u00bbon|phone\u00a0\u00bb _builder_version=\u00a0\u00bb4.18.0&Prime; _module_preset=\u00a0\u00bbdefault\u00a0\u00bb background_color=\u00a0\u00bbrgba(224,224,224,0.47)\u00a0\u00bb custom_padding=\u00a0\u00bb20px||||false|false\u00a0\u00bb custom_padding_tablet=\u00a0\u00bb0px||||false|false\u00a0\u00bb custom_padding_phone=\u00a0\u00bb20px||0px||false|false\u00a0\u00bb global_colors_info=\u00a0\u00bb{}\u00a0\u00bb][et_pb_row _builder_version=\u00a0\u00bb4.19.2&Prime; _module_preset=\u00a0\u00bbdefault\u00a0\u00bb background_enable_color=\u00a0\u00bboff\u00a0\u00bb width=\u00a0\u00bb55%\u00a0\u00bb background_last_edited=\u00a0\u00bbon|phone\u00a0\u00bb background_enable_color_phone=\u00a0\u00bboff\u00a0\u00bb border_radii=\u00a0\u00bbon|10px|10px|10px|10px\u00a0\u00bb global_colors_info=\u00a0\u00bb{}\u00a0\u00bb][et_pb_column type=\u00a0\u00bb4_4&Prime; _builder_version=\u00a0\u00bb4.16&Prime; _module_preset=\u00a0\u00bbdefault\u00a0\u00bb global_colors_info=\u00a0\u00bb{}\u00a0\u00bb][et_pb_text _builder_version=\u00a0\u00bb4.19.2&Prime; _module_preset=\u00a0\u00bbdefault\u00a0\u00bb text_font=\u00a0\u00bb||||||||\u00a0\u00bb text_text_color=\u00a0\u00bb#000000&Prime; text_font_size=\u00a0\u00bb18px\u00a0\u00bb text_letter_spacing=\u00a0\u00bb1px\u00a0\u00bb text_line_height=\u00a0\u00bb1.8em\u00a0\u00bb header_2_font=\u00a0\u00bbMulish||||||||\u00a0\u00bb header_2_font_size=\u00a0\u00bb36px\u00a0\u00bb header_2_letter_spacing=\u00a0\u00bb3px\u00a0\u00bb header_3_font=\u00a0\u00bbMulish||||||||\u00a0\u00bb text_orientation=\u00a0\u00bbcenter\u00a0\u00bb header_2_font_size_tablet=\u00a0\u00bb36px\u00a0\u00bb header_2_font_size_phone=\u00a0\u00bb30px\u00a0\u00bb header_2_font_size_last_edited=\u00a0\u00bbon|phone\u00a0\u00bb header_2_line_height_tablet=\u00a0\u00bb\u00a0\u00bb header_2_line_height_phone=\u00a0\u00bb1.3em\u00a0\u00bb header_2_line_height_last_edited=\u00a0\u00bbon|phone\u00a0\u00bb header_3_line_height_tablet=\u00a0\u00bb\u00a0\u00bb header_3_line_height_phone=\u00a0\u00bb1.3em\u00a0\u00bb header_3_line_height_last_edited=\u00a0\u00bbon|phone\u00a0\u00bb global_colors_info=\u00a0\u00bb{}\u00a0\u00bb]<\/p>\n<p>Veuillez noter que de nombreuses r\u00e9ponses aux questions que nous recevons quotidiennement se trouvent sur notre site Web. Voici quelques informations suppl\u00e9mentaires.<\/p>\n<p>Veuillez bien chercher la r\u00e9ponse \u00e0 toute question ici, <strong><i>avant de contacter le bureau.<\/i><\/strong><\/p>\n<p>[\/et_pb_text][\/et_pb_column][\/et_pb_row][et_pb_row _builder_version=\u00a0\u00bb4.16&Prime; _module_preset=\u00a0\u00bbdefault\u00a0\u00bb width=\u00a0\u00bb60%\u00a0\u00bb global_colors_info=\u00a0\u00bb{}\u00a0\u00bb][et_pb_column type=\u00a0\u00bb4_4&Prime; _builder_version=\u00a0\u00bb4.16&Prime; _module_preset=\u00a0\u00bbdefault\u00a0\u00bb global_colors_info=\u00a0\u00bb{}\u00a0\u00bb][et_pb_toggle title=\u00a0\u00bbARRIV\u00c9ES ET D\u00c9PARTS\u00a0\u00bb closed_toggle_background_color=\u00a0\u00bb#FFFFFF\u00a0\u00bb icon_color=\u00a0\u00bb#6b6b6b\u00a0\u00bb _builder_version=\u00a0\u00bb4.19.2&Prime; _module_preset=\u00a0\u00bbdefault\u00a0\u00bb title_text_color=\u00a0\u00bb#000000&Prime; title_font=\u00a0\u00bbMulish||||||||\u00a0\u00bb body_text_color=\u00a0\u00bb#000000&Prime; custom_margin=\u00a0\u00bb||17px|||\u00a0\u00bb border_radii=\u00a0\u00bbon|5px|5px|5px|5px\u00a0\u00bb global_colors_info=\u00a0\u00bb{}\u00a0\u00bb]<\/p>\n<div class=\"wpb_text_column wpb_content_element \">\n<div class=\"wpb_wrapper\">\n<p><strong>Les arriv\u00e9es<\/strong> se font le premier jour de votre retraite, &#8211; pas la veille. Par exemple, si votre retraite a lieu du 24 au 30 juillet, vous arriverez apr\u00e8s 14h le 24 juillet.<br \/>Veuillez arriver entre 14h00 et 19h00, pas plus t\u00f4t car l&rsquo;\u00e9quipe est occup\u00e9e \u00e0 pr\u00e9parer le moulin pour votre groupe. Si vous arrivez apr\u00e8s 19h00, veuillez signaler l\u2019heure d\u2019arriv\u00e9e au bureau. Nous laisserons un petit mot sur le tableau d&rsquo;affichage principal du b\u00e2timent principal vous dirigeant vers votre chambre.<\/p>\n<p>Le souper est propos\u00e9 entre 18h et 18h30 le premier jour, la retraite commencera \u00e0 20h. Si votre place a \u00e9t\u00e9 r\u00e9serv\u00e9e via un enseignant ext\u00e9rieur, veuillez v\u00e9rifier les heures d&rsquo;arriv\u00e9e et de d\u00e9part avec votre enseignant.<\/p>\n<p><strong>Les d\u00e9parts<\/strong> se font le dernier jour de votre retraite, pas le lendemain. Donc, si votre retraite a lieu du 24 au 30 juillet, votre derni\u00e8re session se terminera vers midi le 30 juillet. Votre chambre doit \u00eatre lib\u00e9r\u00e9e avant 10h00 et vous pouvez rester pour le d\u00e9jeuner \u00e0 12h30. Nous vous demandons de quitter la propri\u00e9t\u00e9 avant 14h00.<\/p>\n<p>Malheureusement, il n&rsquo;est pas possible d&rsquo;arriver plus t\u00f4t ou de rester plus tard que vos dates de retraite, sauf si vous assistez \u00e0 une autre retraite, voir les informations ci-dessous.<\/p>\n<\/div>\n<\/div>\n<p>[\/et_pb_toggle][et_pb_toggle title=\u00a0\u00bbR\u00c9SERVATIONS ET TARIFS\u00a0\u00bb closed_toggle_background_color=\u00a0\u00bb#FFFFFF\u00a0\u00bb icon_color=\u00a0\u00bb#6b6b6b\u00a0\u00bb _builder_version=\u00a0\u00bb4.27.4&Prime; _module_preset=\u00a0\u00bbdefault\u00a0\u00bb title_text_color=\u00a0\u00bb#000000&Prime; title_font=\u00a0\u00bbMulish||||||||\u00a0\u00bb body_text_color=\u00a0\u00bb#000000&Prime; custom_margin=\u00a0\u00bb||16px|||\u00a0\u00bb hover_enabled=\u00a0\u00bb0&Prime; border_radii=\u00a0\u00bbon|5px|5px|5px|5px\u00a0\u00bb global_colors_info=\u00a0\u00bb{}\u00a0\u00bb sticky_enabled=\u00a0\u00bb0&Prime;]<\/p>\n<div class=\"wpb_text_column wpb_content_element \">\n<div class=\"wpb_wrapper\">\n<div class=\"wpb_column vc_column_container vc_col-sm-12\">\n<div class=\"vc_column-inner\">\n<div class=\"wpb_wrapper\">\n<div class=\"wpb_text_column wpb_content_element \">\n<div class=\"wpb_wrapper\">\n<p><strong>Le Partage des chambres<\/strong><br \/>Si vous venez avec un ami ou un partenaire et vous souhaitez partager une chambre ou une tente, vous devez tous les deux r\u00e9server et payer s\u00e9par\u00e9ment une chambre\/tente partag\u00e9e. Vous pouvez nommer votre partenaire sur le formulaire de r\u00e9servation, ce qui nous permet d&rsquo;attribuer la m\u00eame chambre\/tente pour vous deux.<\/p>\n<p><strong>Les Repas<\/strong><br \/>Tous les repas sont inclus dans le prix que vous payez \u00e0 la r\u00e9servation qui est tout-compris. Les repas au Moulin sont \u00e0 base de plantes et sans gluten. Les plats contenant du gluten, des produits laitiers et des \u0153ufs sont servis s\u00e9par\u00e9ment.<\/p>\n<p><strong>Disponibilit\u00e9 des Chambres et Tarifs<\/strong><br \/>En visitant la page <a href=\"https:\/\/www.moulindechaves.org\/fr\/retraites\/\">Retraites<\/a>, vous pouvez voir quelles chambres sont disponibles en cliquant sur le bouton \u00ab\u00a0r\u00e9server maintenant\u00a0\u00bb et faisons d\u00e9filer jusqu&rsquo;\u00e0 la section des tarifs.<br \/>Les tarifs peuvent varies selon la dur\u00e9e de la retraite &#8211; pour voir les tarifs, merci de cliquer sur chaque retraite.<\/p>\n<p>Veuillez noter qu&rsquo;il n&rsquo;est possible de voir la disponibilit\u00e9 des chambres que si\u2019il s\u2019agit d\u2019une retraite organis\u00e9e par le Moulin. Si l&rsquo;\u00e9v\u00e9nement est organis\u00e9e par un autre organisme, nous vous conseillons de contacter le Moulin pour v\u00e9rifier la disponibilit\u00e9 avant de payer vos frais d\u2019enseignement si vous avez besoin d&rsquo;un type de chambre sp\u00e9cifique (par exemple single \/ single en-suite)<\/p>\n<p>Des <strong>Places Boursiers <\/strong>sont disponibles pour chaque retraite. Vous trouverez des informations compl\u00e9mentaires\u00a0 <a href=\"https:\/\/www.moulindechaves.org\/fr\/retraites\/#places-boursiers\">ici.<\/a><\/p>\n<p>Pour voir les photos des chambres, rendez-vous dans <a href=\"https:\/\/www.moulindechaves.org\/fr\/galerie\/\" target=\"_blank\" rel=\"noopener\">la galerie photos<\/a><\/p>\n<\/div>\n<\/div>\n<\/div>\n<\/div>\n<\/div>\n<\/div>\n<\/div>\n<p>[\/et_pb_toggle][et_pb_toggle title=\u00a0\u00bbQUOI APPORTER \/ PORTER\u00a0\u00bb closed_toggle_background_color=\u00a0\u00bb#FFFFFF\u00a0\u00bb icon_color=\u00a0\u00bb#6b6b6b\u00a0\u00bb _builder_version=\u00a0\u00bb4.27.4&Prime; _module_preset=\u00a0\u00bbdefault\u00a0\u00bb title_text_color=\u00a0\u00bb#000000&Prime; title_font=\u00a0\u00bbMulish||||||||\u00a0\u00bb body_text_color=\u00a0\u00bb#000000&Prime; custom_margin=\u00a0\u00bb||16px|||\u00a0\u00bb hover_enabled=\u00a0\u00bb0&Prime; border_radii=\u00a0\u00bbon|5px|5px|5px|5px\u00a0\u00bb global_colors_info=\u00a0\u00bb{}\u00a0\u00bb sticky_enabled=\u00a0\u00bb0&Prime;]<\/p>\n<div class=\"wpb_text_column wpb_content_element \">\n<div class=\"wpb_wrapper\">\n<div class=\"wpb_column vc_column_container vc_col-sm-12\">\n<div class=\"vc_column-inner\">\n<div class=\"wpb_wrapper\">\n<div class=\"wpb_text_column wpb_content_element \">\n<div class=\"wpb_wrapper\">\n<p>Ce que je devrais amener \/ porter &#8211; vous trouverez des informations ici:<br \/><a href=\"https:\/\/www.moulindechaves.org\/fr\/sejourner-au-moulin\/\" target=\"_blank\" rel=\"noopener\">www.moulindechaves.org\/fr\/sejourner-au-moulin<\/a><\/p>\n<\/div>\n<\/div>\n<\/div>\n<\/div>\n<\/div>\n<\/div>\n<\/div>\n<p>[\/et_pb_toggle][et_pb_toggle title=\u00a0\u00bb\u00caTRE H\u00c9BERG\u00c9 AU MOULIN AVANT OU APR\u00c8S VOTRE EVENEMENT\u00a0\u00bb closed_toggle_background_color=\u00a0\u00bb#FFFFFF\u00a0\u00bb icon_color=\u00a0\u00bb#6b6b6b\u00a0\u00bb _builder_version=\u00a0\u00bb4.24.0&Prime; _module_preset=\u00a0\u00bbdefault\u00a0\u00bb title_text_color=\u00a0\u00bb#000000&Prime; title_font=\u00a0\u00bbMulish||||||||\u00a0\u00bb title_line_height=\u00a0\u00bb1.5em\u00a0\u00bb body_text_color=\u00a0\u00bb#000000&Prime; custom_margin=\u00a0\u00bb||15px|||\u00a0\u00bb border_radii=\u00a0\u00bbon|5px|5px|5px|5px\u00a0\u00bb global_colors_info=\u00a0\u00bb{}\u00a0\u00bb]<\/p>\n<p>Il n&rsquo;est possible de rester la ou les nuits avant ou apr\u00e8s que si vous participez \u00e0 deux retraites cons\u00e9cutives.<br \/>Il y a quelques g\u00eetes dans le village et ci-dessous sont les sites Web.<\/p>\n<p><a href=\"https:\/\/lachartreusedumaine.fr\/\" target=\"_blank\" rel=\"noopener\">https:\/\/lachartreusedumaine.fr\/<\/a><\/p>\n<p><a href=\"https:\/\/www.gites.fr\/gites_le-nid-des-oiseaux_cubjac_h893011.htm\" target=\"_blank\" rel=\"noopener\">https:\/\/www.gites.fr\/gites_le-nid-des-oiseaux_cubjac_h893011.htm<\/a><\/p>\n<p>Sinon, il y a \u00e9galement un camping \u00e0 quelques pas.<\/p>\n<p><a href=\"http:\/\/www.domainelafaurie.com\/campingdelilot\/\" target=\"_blank\" rel=\"noopener\">www.domainelafaurie.com\/campingdelilot<\/a><\/p>\n<p>Sinon, si vous cherchez Cubjac sur Google, vous risquez de tomber sur autre chose. La ville de P\u00e9rigueux est \u00e0 30 minutes en voiture et de nombreuses options s&rsquo;offrent \u00e0 vous.<span style=\"font-weight: 400;\"><\/span><\/p>\n<p>[\/et_pb_toggle][et_pb_toggle title=\u00a0\u00bbCONSIGNES SANT\u00c9 \u00a0\u00bb closed_toggle_background_color=\u00a0\u00bb#FFFFFF\u00a0\u00bb icon_color=\u00a0\u00bb#6b6b6b\u00a0\u00bb _builder_version=\u00a0\u00bb4.27.4&Prime; _module_preset=\u00a0\u00bbdefault\u00a0\u00bb title_text_color=\u00a0\u00bb#000000&Prime; title_font=\u00a0\u00bbMulish||||||||\u00a0\u00bb body_text_color=\u00a0\u00bb#000000&Prime; custom_margin=\u00a0\u00bb||15px|||\u00a0\u00bb hover_enabled=\u00a0\u00bb0&Prime; border_radii=\u00a0\u00bbon|5px|5px|5px|5px\u00a0\u00bb global_colors_info=\u00a0\u00bb{}\u00a0\u00bb sticky_enabled=\u00a0\u00bb0&Prime;]<\/p>\n<p>Veuillez suivre le lien ci-dessous pour plus d&rsquo;informations :<\/p>\n<p><a href=\"https:\/\/www.moulindechaves.org\/fr\/sante-hygiene-et-bien-etre-au-moulin\/\" target=\"_blank\" rel=\"noopener\">Consignes Sant\u00e9 du Moulin<\/a><\/p>\n<p>Ces directives sont r\u00e9guli\u00e8rement mises \u00e0 jour, nous vous demandons donc de bien vouloir les lire dans les jours pr\u00e9c\u00e9dant votre arriv\u00e9e, m\u00eame si vous l&rsquo;avez d\u00e9j\u00e0 fait.<\/p>\n<p>[\/et_pb_toggle][et_pb_toggle title=\u00a0\u00bbRETRAITES INDIVIDUELLES\u00a0\u00bb closed_toggle_background_color=\u00a0\u00bb#FFFFFF\u00a0\u00bb icon_color=\u00a0\u00bb#6b6b6b\u00a0\u00bb _builder_version=\u00a0\u00bb4.19.2&Prime; _module_preset=\u00a0\u00bbdefault\u00a0\u00bb title_text_color=\u00a0\u00bb#000000&Prime; title_font=\u00a0\u00bbMulish||||||||\u00a0\u00bb body_text_color=\u00a0\u00bb#000000&Prime; custom_margin=\u00a0\u00bb||15px|||\u00a0\u00bb border_radii=\u00a0\u00bbon|5px|5px|5px|5px\u00a0\u00bb global_colors_info=\u00a0\u00bb{}\u00a0\u00bb]<\/p>\n<p><span style=\"font-weight: 400;\">Il n&rsquo;est possible de venir au Moulin que si vous participez \u00e0 une retraite programm\u00e9e. Des semaines de retraite individuelles sont parfois disponibles chaque ann\u00e9e et peuvent \u00eatre r\u00e9serv\u00e9es via la page &lsquo;Retraites&rsquo; si disponible.<\/span><\/p>\n<p>[\/et_pb_toggle][et_pb_toggle title=\u00a0\u00bbANNULATIONS\u00a0\u00bb closed_toggle_background_color=\u00a0\u00bb#FFFFFF\u00a0\u00bb icon_color=\u00a0\u00bb#6b6b6b\u00a0\u00bb _builder_version=\u00a0\u00bb4.19.2&Prime; _module_preset=\u00a0\u00bbdefault\u00a0\u00bb title_text_color=\u00a0\u00bb#000000&Prime; title_font=\u00a0\u00bbMulish||||||||\u00a0\u00bb body_text_color=\u00a0\u00bb#000000&Prime; custom_margin=\u00a0\u00bb||15px|||\u00a0\u00bb border_radii=\u00a0\u00bbon|5px|5px|5px|5px\u00a0\u00bb global_colors_info=\u00a0\u00bb{}\u00a0\u00bb]<\/p>\n<p>Veuillez trouver notre politique d&rsquo;annulation ici, sous le titre \u2018Annulations\u2019:<\/p>\n<p><a href=\"https:\/\/www.moulindechaves.org\/fr\/retraites\/\" target=\"_blank\" rel=\"noopener\">www.moulindechaves.org\/fr\/retraites<\/a><\/p>\n<p>[\/et_pb_toggle][et_pb_toggle title=\u00a0\u00bbSE RENDRE AU MOULIN\u00a0\u00bb closed_toggle_background_color=\u00a0\u00bb#FFFFFF\u00a0\u00bb icon_color=\u00a0\u00bb#6b6b6b\u00a0\u00bb _builder_version=\u00a0\u00bb4.19.2&Prime; _module_preset=\u00a0\u00bbdefault\u00a0\u00bb title_text_color=\u00a0\u00bb#000000&Prime; title_font=\u00a0\u00bbMulish||||||||\u00a0\u00bb body_text_color=\u00a0\u00bb#000000&Prime; custom_margin=\u00a0\u00bb||15px|||\u00a0\u00bb border_radii=\u00a0\u00bbon|5px|5px|5px|5px\u00a0\u00bb global_colors_info=\u00a0\u00bb{}\u00a0\u00bb]<\/p>\n<p>Veuillez suivre le lien ci-dessous pour plus d&rsquo;informations :<\/p>\n<p><a href=\"\/\/www.moulindechaves.org\/fr\/arriver-au-moulin\/\" target=\"_blank\" rel=\"noopener\" title=\" htwww.moulindechaves.org\/fr\/arriver-au-moulin\">https:\/\/www.moulindechaves.org\/fr\/arriver-au-moulin\/<\/a><\/p>\n<p>Un document google partag\u00e9 vous sera envoy\u00e9 lors de l&rsquo;inscription, dans lequel vous pourrez contacter d&rsquo;autres participants afin de proposer ou demander un taxi partag\u00e9, ou covoiturage.<\/p>\n<p>[\/et_pb_toggle][et_pb_toggle title=\u00a0\u00bbTAXIS\u00a0\u00bb closed_toggle_background_color=\u00a0\u00bb#FFFFFF\u00a0\u00bb icon_color=\u00a0\u00bb#6b6b6b\u00a0\u00bb _builder_version=\u00a0\u00bb4.19.2&Prime; _module_preset=\u00a0\u00bbdefault\u00a0\u00bb title_text_color=\u00a0\u00bb#000000&Prime; title_font=\u00a0\u00bbMulish||||||||\u00a0\u00bb body_text_color=\u00a0\u00bb#000000&Prime; custom_margin=\u00a0\u00bb||15px|||\u00a0\u00bb border_radii=\u00a0\u00bbon|5px|5px|5px|5px\u00a0\u00bb global_colors_info=\u00a0\u00bb{}\u00a0\u00bb]<\/p>\n<p>Veuillez suivre le lien ci-dessous pour plus d&rsquo;informations :<\/p>\n<p><a href=\"https:\/\/www.moulindechaves.org\/fr\/arriver-au-moulin\/\" target=\"_blank\" rel=\"noopener\">www.moulindechaves.org\/fr\/arriver-au-moulin<\/a><\/p>\n<p>[\/et_pb_toggle][et_pb_toggle title=\u00a0\u00bbKARMA YOGA &#8211; P\u00c9RIODE DE TRAVAIL\u00a0\u00bb closed_toggle_background_color=\u00a0\u00bb#FFFFFF\u00a0\u00bb icon_color=\u00a0\u00bb#6b6b6b\u00a0\u00bb _builder_version=\u00a0\u00bb4.19.2&Prime; _module_preset=\u00a0\u00bbdefault\u00a0\u00bb title_text_color=\u00a0\u00bb#000000&Prime; title_font=\u00a0\u00bbMulish||||||||\u00a0\u00bb body_text_color=\u00a0\u00bb#000000&Prime; custom_margin=\u00a0\u00bb||15px|||\u00a0\u00bb border_radii=\u00a0\u00bbon|5px|5px|5px|5px\u00a0\u00bb global_colors_info=\u00a0\u00bb{}\u00a0\u00bb]<\/p>\n<p><span style=\"font-weight: 400;\">Le Moulin de Chaves est une association non lucrative. Pour chaque retraite, chacun contribue une petite heure par jour \u00e0 l\u2019entretien du Moulin. C\u2019est aussi une opportunit\u00e9 de pratiquer la pleine conscience (mindfulness) avec une t\u00e2che simple, en silence, et en collaboration avec les autres participants. Cela peut \u00eatre de la vaisselle, de l\u2019\u00e9pluchage de l\u00e9gumes, de l\u2019entretien des surfaces ou du jardinage. Nous vous remercions par avance pour ce service rendu.<\/span><\/p>\n<p>[\/et_pb_toggle][et_pb_toggle title=\u00a0\u00bbRETRAITES SILENCIEUSES\u00a0\u00bb closed_toggle_background_color=\u00a0\u00bb#FFFFFF\u00a0\u00bb icon_color=\u00a0\u00bb#6b6b6b\u00a0\u00bb _builder_version=\u00a0\u00bb4.24.0&Prime; _module_preset=\u00a0\u00bbdefault\u00a0\u00bb title_text_color=\u00a0\u00bb#000000&Prime; title_font=\u00a0\u00bbMulish||||||||\u00a0\u00bb body_text_color=\u00a0\u00bb#000000&Prime; custom_margin=\u00a0\u00bb||15px|||\u00a0\u00bb border_radii=\u00a0\u00bbon|5px|5px|5px|5px\u00a0\u00bb global_colors_info=\u00a0\u00bb{}\u00a0\u00bb]<\/p>\n<p>Une retraite silencieuse est-elle totalement silencieuse ?<br \/>Les participants restent silencieux tout au long de la retraite, sauf lorsqu&rsquo;ils s&rsquo;expriment lors des r\u00e9unions individuelles ou de groupe avec le(s)enseignants(s), ou lorsqu&rsquo;ils posent des questions au(x) enseignants(s) dans la salle de m\u00e9ditation. Dans la plupart des retraites silencieuses, le silence signifie \u00e9galement s\u2019abstenir de lire et d\u2019utiliser le t\u00e9l\u00e9phone. Le silence est con\u00e7u pour permettre au retraitant de ralentir et de s&rsquo;ouvrir, de rester \u00e0 l&rsquo;\u00e9coute des subtilit\u00e9s de l&rsquo;exp\u00e9rience imm\u00e9diate et de p\u00e9n\u00e9trer plus profond\u00e9ment son esprit et son corps.<\/p>\n<p>Tout le monde peut-il assister \u00e0 une retraite silencieuse ?<br \/>Sauf indication contraire, les retraites silencieuses sont ouvertes \u00e0 tous. Une exp\u00e9rience pr\u00e9alable de m\u00e9ditation n\u2019est pas n\u00e9cessaire. Les retraites silencieuses sont con\u00e7ues pour \u00eatre tout aussi accessibles aux m\u00e9ditants d\u00e9butants et exp\u00e9riment\u00e9s.<\/p>\n<p>Puis-je parler \u00e0 l&rsquo;enseignant ?<br \/>Il y aura diff\u00e9rentes mani\u00e8res de parler avec le(s)enseignants(s), notamment des questions-r\u00e9ponses dans la salle, des r\u00e9unions en petits groupes et des dialogues en t\u00eate-\u00e0-t\u00eate.<\/p>\n<p>Puis-je lire ou tenir un journal ?<br \/>La lecture est d\u00e9conseill\u00e9e dans le contexte du silence. La tenue d\u2019un journal est autoris\u00e9e et encourag\u00e9e, avec le conseil de la garder au minimum.<\/p>\n<p>[\/et_pb_toggle][\/et_pb_column][\/et_pb_row][\/et_pb_section]<\/p>\n","protected":false},"excerpt":{"rendered":"<p>Veuillez noter que de nombreuses r\u00e9ponses aux questions que nous recevons quotidiennement se trouvent sur notre site Web. Voici quelques informations suppl\u00e9mentaires. Veuillez bien chercher la r\u00e9ponse \u00e0 toute question ici, avant de contacter le bureau. Les arriv\u00e9es se font le premier jour de votre retraite, &#8211; pas la veille. Par exemple, si votre retraite [&hellip;]<\/p>\n","protected":false},"author":6,"featured_media":0,"parent":0,"menu_order":0,"comment_status":"closed","ping_status":"closed","template":"","meta":{"_et_pb_use_builder":"on","_et_pb_old_content":"<p>[et_pb_section bb_built=\"1\"][et_pb_row][\/et_pb_row][\/et_pb_section]<\/p>","_et_gb_content_width":"","_monsterinsights_skip_tracking":false,"_monsterinsights_sitenote_active":false,"_monsterinsights_sitenote_note":"","_monsterinsights_sitenote_category":0,"footnotes":""},"class_list":["post-27750","page","type-page","status-publish","hentry"],"jetpack_sharing_enabled":true,"_links":{"self":[{"href":"https:\/\/www.moulindechaves.org\/fr\/wp-json\/wp\/v2\/pages\/27750","targetHints":{"allow":["GET"]}}],"collection":[{"href":"https:\/\/www.moulindechaves.org\/fr\/wp-json\/wp\/v2\/pages"}],"about":[{"href":"https:\/\/www.moulindechaves.org\/fr\/wp-json\/wp\/v2\/types\/page"}],"author":[{"embeddable":true,"href":"https:\/\/www.moulindechaves.org\/fr\/wp-json\/wp\/v2\/users\/6"}],"replies":[{"embeddable":true,"href":"https:\/\/www.moulindechaves.org\/fr\/wp-json\/wp\/v2\/comments?post=27750"}],"version-history":[{"count":18,"href":"https:\/\/www.moulindechaves.org\/fr\/wp-json\/wp\/v2\/pages\/27750\/revisions"}],"predecessor-version":[{"id":28704,"href":"https:\/\/www.moulindechaves.org\/fr\/wp-json\/wp\/v2\/pages\/27750\/revisions\/28704"}],"wp:attachment":[{"href":"https:\/\/www.moulindechaves.org\/fr\/wp-json\/wp\/v2\/media?parent=27750"}],"curies":[{"name":"wp","href":"https:\/\/api.w.org\/{rel}","templated":true}]}}